{"id":2154,"date":"2025-06-05T12:30:12","date_gmt":"2025-06-05T10:30:12","guid":{"rendered":"https:\/\/www.wetechnology.ai\/?page_id=2154"},"modified":"2025-06-10T12:41:32","modified_gmt":"2025-06-10T10:41:32","slug":"declaracion-de-accesibilidad","status":"publish","type":"page","link":"https:\/\/www.wetechnology.ai\/es\/declaracion-de-accesibilidad\/","title":{"rendered":"Declaraci\u00f3n de accesibilidad"},"content":{"rendered":"\t\t<div data-elementor-type=\"wp-page\" data-elementor-id=\"2154\" class=\"elementor elementor-2154 elementor-2045\" data-elementor-post-type=\"page\">\n\t\t\t\t<div class=\"elementor-element elementor-element-b3b8671 e-flex e-con-boxed e-con e-parent\" data-id=\"b3b8671\" data-element_type=\"container\">\n\t\t\t\t\t<div class=\"e-con-inner\">\n\t\t\t\t<div class=\"elementor-element elementor-element-379a466 elementor-widget elementor-widget-text-editor\" data-id=\"379a466\" data-element_type=\"widget\" data-widget_type=\"text-editor.default\">\n\t\t\t\t<div class=\"elementor-widget-container\">\n\t\t\t\t\t\t\t\t\t<h2 data-sourcepos=\"5:1-5:32\"><strong>Declaraci\u00f3n de Accesibilidad<\/strong><\/h2><p data-sourcepos=\"7:1-7:24\">Versi\u00f3n de junio de 2025<\/p><p data-sourcepos=\"9:1-9:134\">WeTechnology Slr se compromete a hacer accesible el sitio web wetechnology.ai, de conformidad con la ley del 9 de enero de 2004, n. 4.<\/p><p data-sourcepos=\"11:1-11:124\">La presente declaraci\u00f3n de accesibilidad se aplica al sitio web <a class=\"ng-star-inserted\" href=\"https:\/\/www.wetechnology.ai\/\" target=\"_blank\" rel=\"noopener\">https:\/\/www.wetechnology.ai\/<\/a><\/p><h2 data-sourcepos=\"13:1-13:25\">Estado de Conformidad<\/h2><p data-sourcepos=\"15:1-15:192\">Este sitio web es parcialmente conforme con los requisitos del ap\u00e9ndice A de la norma UNI CEI EN 301549 debido a los casos de no conformidad y\/o las excepciones que se enumeran a continuaci\u00f3n.<\/p><h2 data-sourcepos=\"17:1-17:26\">Contenido no accesible<\/h2><p data-sourcepos=\"19:1-19:86\">El contenido que se enumera a continuaci\u00f3n no es accesible por los siguientes motivos:<\/p><p data-sourcepos=\"21:1-21:26\">a) Carga desproporcionada.<\/p><p data-sourcepos=\"23:1-23:16\">A nivel general:<\/p><ul data-sourcepos=\"24:1-28:0\"><li data-sourcepos=\"24:1-24:64\">Podr\u00edan faltar algunos niveles de aria-label en algunas p\u00e1ginas.<\/li><li data-sourcepos=\"24:1-24:64\">Algunos contrastes de color pueden ser inferiores a 4,5:1<\/li><li data-sourcepos=\"25:1-25:74\">Algunas etiquetas no est\u00e1n anidadas de acuerdo con las especificaciones.<\/li><li data-sourcepos=\"26:1-26:105\">Subt\u00edtulos y\/o transcripciones para medios: en algunas im\u00e1genes no se han incluido las transcripciones.<\/li><li data-sourcepos=\"27:1-28:0\">Algunos archivos PDF o SVG no son completamente accesibles, pero estamos disponibles para proporcionar una copia actualizada si se nos solicita.<\/li><\/ul><p data-sourcepos=\"29:1-29:36\">Decisiones de ajuste sobre tabindex:<\/p><ul data-sourcepos=\"30:1-31:0\"><li data-sourcepos=\"30:1-31:0\">En cumplimiento de las normativas del W3C, la gesti\u00f3n de los tabindex se ha configurado evitando n\u00fameros positivos; algunos navegadores podr\u00edan experimentar variaciones en la secuencia debido a esta configuraci\u00f3n.<\/li><\/ul><p data-sourcepos=\"32:1-32:325\">El sitio web ha sido desarrollado con WordPress y Elementor teniendo en cuenta la mayor\u00eda de los criterios de accesibilidad. La adaptaci\u00f3n total de las diferentes secciones del sitio a las reglas previstas por las directrices es una carga desproporcionada, pero se prev\u00e9n intervenciones futuras para mejorar la accesibilidad.<\/p><h2 data-sourcepos=\"34:1-34:48\">Redacci\u00f3n de la declaraci\u00f3n de accesibilidad<\/h2><p data-sourcepos=\"36:1-36:45\">Esta declaraci\u00f3n fue redactada el 05\/06\/2025.<\/p><p data-sourcepos=\"38:1-38:137\">La declaraci\u00f3n se realiz\u00f3 utilizando una evaluaci\u00f3n conforme a las prescripciones de la directiva (UE) 2016\/2012 mediante 2 metodolog\u00edas:<\/p><ol data-sourcepos=\"39:1-41:0\"><li data-sourcepos=\"39:1-39:180\">Autoevaluaci\u00f3n autom\u00e1tica realizada con herramientas reconocidas por el W3C: Wave, Accessiway, Lighthouse con 50 niveles de profundidad por p\u00e1gina. \u00daltimo an\u00e1lisis: 05\/06\/2025.<\/li><li data-sourcepos=\"40:1-41:0\">Autoevaluaci\u00f3n manual para el funcionamiento con teclado y el uso de Voice Over y tecnolog\u00edas de asistencia propias de los dispositivos. \u00daltimo an\u00e1lisis: 05\/06\/2025.<\/li><\/ol><p data-sourcepos=\"42:1-42:57\">La declaraci\u00f3n fue revisada por \u00faltima vez el 06\/06\/2025.<\/p><h2 data-sourcepos=\"44:1-44:72\">Procedimiento de env\u00edo de informes y datos de contacto del proveedor<\/h2><p data-sourcepos=\"46:1-46:292\">En caso de que se detecte una falta de conformidad con los principios de accesibilidad, el usuario puede enviar un informe a la siguiente direcci\u00f3n de correo electr\u00f3nico: accessibility@wetechnology.ai, indicando la URL del sitio, las p\u00e1ginas consideradas no conformes y el motivo del informe.<\/p><p data-sourcepos=\"48:1-48:217\">En caso de respuesta insatisfactoria o de falta de respuesta en el plazo de treinta d\u00edas desde la solicitud mencionada, el interesado puede presentar un informe seg\u00fan las modalidades indicadas en el sitio web de AGID.<\/p><p data-sourcepos=\"50:1-50:100\">Se puede contactar al responsable en la direcci\u00f3n de correo electr\u00f3nico proporcionada anteriormente.<\/p><h2 data-sourcepos=\"52:1-52:45\">Procedimiento de env\u00edo de informes a AgID<\/h2><p data-sourcepos=\"54:1-54:307\">En caso de respuesta insatisfactoria o de falta de respuesta en el plazo de treinta d\u00edas a la notificaci\u00f3n o solicitud, el interesado puede presentar un informe utilizando el siguiente enlace: <a class=\"ng-star-inserted\" href=\"https:\/\/www.agid.gov.it\/it\/design-servizi\/accessibilita\" target=\"_blank\" rel=\"noopener\">https:\/\/www.agid.gov.it\/it\/design-servizi\/accessibilita<\/a><\/p><h2 data-sourcepos=\"56:1-56:30\">Informaci\u00f3n sobre el sitio<\/h2><ul data-sourcepos=\"58:1-60:56\"><li data-sourcepos=\"58:1-58:48\">Fecha de publicaci\u00f3n del sitio web: 11\/11\/2024<\/li><li data-sourcepos=\"59:1-59:44\">Se han realizado pruebas de usabilidad: no<\/li><li data-sourcepos=\"60:1-60:56\">CMS utilizados para el sitio web: WordPress, Elementor<\/li><\/ul>\t\t\t\t\t\t\t\t<\/div>\n\t\t\t\t<\/div>\n\t\t\t\t<div class=\"elementor-element elementor-element-6236c31 elementor-widget elementor-widget-spacer\" data-id=\"6236c31\" data-element_type=\"widget\" data-widget_type=\"spacer.default\">\n\t\t\t\t<div class=\"elementor-widget-container\">\n\t\t\t\t\t\t\t<div class=\"elementor-spacer\">\n\t\t\t<div class=\"elementor-spacer-inner\"><\/div>\n\t\t<\/div>\n\t\t\t\t\t\t<\/div>\n\t\t\t\t<\/div>\n\t\t\t\t\t<\/div>\n\t\t\t\t<\/div>\n\t\t\t\t<\/div>\n\t\t","protected":false},"excerpt":{"rendered":"<p>Declaraci\u00f3n de Accesibilidad Versi\u00f3n de junio de 2025 WeTechnology Slr se compromete a hacer accesible el sitio web wetechnology.ai, de conformidad con la ley del 9 de enero de 2004, n. 4. La presente declaraci\u00f3n de accesibilidad se aplica al sitio web https:\/\/www.wetechnology.ai\/ Estado de Conformidad Este sitio web es parcialmente conforme con los requisitos [&hellip;]<\/p>\n","protected":false},"author":2,"featured_media":0,"parent":0,"menu_order":0,"comment_status":"closed","ping_status":"closed","template":"","meta":{"footnotes":""},"class_list":["post-2154","page","type-page","status-publish","hentry"],"_links":{"self":[{"href":"https:\/\/www.wetechnology.ai\/es\/wp-json\/wp\/v2\/pages\/2154","targetHints":{"allow":["GET"]}}],"collection":[{"href":"https:\/\/www.wetechnology.ai\/es\/wp-json\/wp\/v2\/pages"}],"about":[{"href":"https:\/\/www.wetechnology.ai\/es\/wp-json\/wp\/v2\/types\/page"}],"author":[{"embeddable":true,"href":"https:\/\/www.wetechnology.ai\/es\/wp-json\/wp\/v2\/users\/2"}],"replies":[{"embeddable":true,"href":"https:\/\/www.wetechnology.ai\/es\/wp-json\/wp\/v2\/comments?post=2154"}],"version-history":[{"count":7,"href":"https:\/\/www.wetechnology.ai\/es\/wp-json\/wp\/v2\/pages\/2154\/revisions"}],"predecessor-version":[{"id":2176,"href":"https:\/\/www.wetechnology.ai\/es\/wp-json\/wp\/v2\/pages\/2154\/revisions\/2176"}],"wp:attachment":[{"href":"https:\/\/www.wetechnology.ai\/es\/wp-json\/wp\/v2\/media?parent=2154"}],"curies":[{"name":"wp","href":"https:\/\/api.w.org\/{rel}","templated":true}]}}