{"id":1588,"date":"2024-10-30T16:42:19","date_gmt":"2024-10-30T14:42:19","guid":{"rendered":"https:\/\/www.site.wetechnology.ai\/?page_id=1588"},"modified":"2025-04-16T12:04:40","modified_gmt":"2025-04-16T10:04:40","slug":"infomativa-privacy-esp","status":"publish","type":"page","link":"https:\/\/www.wetechnology.ai\/es\/infomativa-privacy-esp\/","title":{"rendered":"Infomativa privacy esp"},"content":{"rendered":"\t\t<div data-elementor-type=\"wp-page\" data-elementor-id=\"1588\" class=\"elementor elementor-1588 elementor-1329\" data-elementor-post-type=\"page\">\n\t\t\t\t<div class=\"elementor-element elementor-element-79477ba e-flex e-con-boxed e-con e-parent\" data-id=\"79477ba\" data-element_type=\"container\">\n\t\t\t\t\t<div class=\"e-con-inner\">\n\t\t\t\t<div class=\"elementor-element elementor-element-af7c451 elementor-widget elementor-widget-spacer\" data-id=\"af7c451\" data-element_type=\"widget\" data-widget_type=\"spacer.default\">\n\t\t\t\t<div class=\"elementor-widget-container\">\n\t\t\t\t\t\t\t<div class=\"elementor-spacer\">\n\t\t\t<div class=\"elementor-spacer-inner\"><\/div>\n\t\t<\/div>\n\t\t\t\t\t\t<\/div>\n\t\t\t\t<\/div>\n\t\t\t\t<div class=\"elementor-element elementor-element-3b8c52c elementor-widget elementor-widget-image\" data-id=\"3b8c52c\" data-element_type=\"widget\" data-widget_type=\"image.default\">\n\t\t\t\t<div class=\"elementor-widget-container\">\n\t\t\t\t\t\t\t\t\t\t\t\t\t\t\t<img fetchpriority=\"high\" decoding=\"async\" width=\"800\" height=\"800\" src=\"https:\/\/www.wetechnology.ai\/wp-content\/uploads\/2024\/11\/logo-Wetechnology-white@4x.png\" class=\"attachment-large size-large wp-image-1634\" alt=\"Logotipo de Wetechnology.ai\" srcset=\"https:\/\/www.wetechnology.ai\/wp-content\/uploads\/2024\/11\/logo-Wetechnology-white@4x.png 908w, https:\/\/www.wetechnology.ai\/wp-content\/uploads\/2024\/11\/logo-Wetechnology-white@4x-300x300.png 300w, https:\/\/www.wetechnology.ai\/wp-content\/uploads\/2024\/11\/logo-Wetechnology-white@4x-150x150.png 150w, https:\/\/www.wetechnology.ai\/wp-content\/uploads\/2024\/11\/logo-Wetechnology-white@4x-768x768.png 768w\" sizes=\"(max-width: 800px) 100vw, 800px\" \/>\t\t\t\t\t\t\t\t\t\t\t\t\t\t\t<\/div>\n\t\t\t\t<\/div>\n\t\t\t\t<div class=\"elementor-element elementor-element-a997329 elementor-widget elementor-widget-spacer\" data-id=\"a997329\" data-element_type=\"widget\" data-widget_type=\"spacer.default\">\n\t\t\t\t<div class=\"elementor-widget-container\">\n\t\t\t\t\t\t\t<div class=\"elementor-spacer\">\n\t\t\t<div class=\"elementor-spacer-inner\"><\/div>\n\t\t<\/div>\n\t\t\t\t\t\t<\/div>\n\t\t\t\t<\/div>\n\t\t\t\t<div class=\"elementor-element elementor-element-3ff8cdd elementor-widget elementor-widget-text-editor\" data-id=\"3ff8cdd\" data-element_type=\"widget\" data-widget_type=\"text-editor.default\">\n\t\t\t\t<div class=\"elementor-widget-container\">\n\t\t\t\t\t\t\t\t\t<p><strong>Informaci\u00f3n y consentimiento para el tratamiento de datos personales de conformidad con el art. 14 del Reglamento UE 2016\/679 (Reglamento)<\/strong><\/p><p>Versi\u00f3n de mayo de 2024<\/p><p>1. Responsable del tratamiento y delegado de protecci\u00f3n de datos<br \/>El responsable del tratamiento de los datos personales es WeTechnology S.r.l., en la persona del representante legal, con sede operativa ubicada en Tur\u00edn, Via Agostino da Montefeltro 2, direcci\u00f3n de correo electr\u00f3nico: privacidad@wetechnology.ai. El Delegado de Protecci\u00f3n de Datos puede ser contactado en : dpo@wetechnology.ai<\/p><p>2. Finalidad y base jur\u00eddica del tratamiento<br \/>Los datos son comunicados por otro interesado, el Usuario de WeTechnology, para permitirle disfrutar de un viaje: la base jur\u00eddica del tratamiento es el art. 6.1.b) del Reglamento por ser el tratamiento necesario para la prestaci\u00f3n del servicio. El suministro de datos personales para estos fines es opcional, pero no proporcionarlos imposibilitar\u00eda responder a su solicitud.<\/p><p>3. Tipos de datos<br \/>Para los fines mencionados en el punto 2, el Responsable del tratamiento recoge y procesa una serie de datos que le conciernen, como su nombre y apellido, su n\u00famero de m\u00f3vil.<\/p><p>4. M\u00e9todos de procesamiento de datos<br \/>El procesamiento se realiza de las siguientes maneras: mediante el uso de herramientas electr\u00f3nicas, incluso en l\u00ednea y electr\u00f3nicamente; o en formato papel. Los tiempos de tratamiento respetan el principio de necesidad, en lo que respecta a las finalidades de gesti\u00f3n del servicio y a las obligaciones relacionadas: en cualquier caso, sus datos ser\u00e1n almacenados en los sistemas del Responsable del tratamiento durante un per\u00edodo m\u00e1ximo de 365 d\u00edas.<\/p><p>5. Sujetos a quienes se podr\u00e1n comunicar o transmitir los datos<br \/>Sus datos pueden ser comunicados por el Responsable del tratamiento a personas espec\u00edficamente designadas como Encargados del tratamiento o Encargados del tratamiento: entre estos sujetos, incluimos, por ejemplo, a los responsables de los puntos de venta individuales donde se recogen los datos, y a los socios tecnol\u00f3gicos del Responsable del tratamiento. . La lista de procesadores de datos adicionales designados por el Controlador de datos est\u00e1 disponible a trav\u00e9s del propio Controlador de datos y se puede solicitar por correo electr\u00f3nico a: Privacy Privacy@wetechnology.ai. Sus datos podr\u00edan ser transferidos al extranjero, a pa\u00edses de la Uni\u00f3n Europea o considerados seguros por la Comisi\u00f3n Europea o, nuevamente, a pa\u00edses no pertenecientes a la Uni\u00f3n Europea y no incluidos en la lista de pa\u00edses seguros: en este \u00faltimo caso, lo haremos. estipular previamente, con los sujetos individuales que procesar\u00edan los datos extracomunitarios, acuerdos espec\u00edficos para la protecci\u00f3n de su privacidad, que contengan las cl\u00e1usulas tipo de garant\u00eda indicadas por la Comisi\u00f3n Europea con decisi\u00f3n de 5 de febrero de 2010.<\/p><p>6. Ejercicio de los derechos del interesado<br \/>De conformidad con los art\u00edculos 15 y siguientes del Reglamento, usted tiene derecho a solicitar en cualquier momento el acceso a sus datos personales, la rectificaci\u00f3n o cancelaci\u00f3n de los mismos, la limitaci\u00f3n del tratamiento en los casos previstos por el art. 18 del Reglamento, obtener los datos que le conciernen en un formato estructurado, de uso com\u00fan y legible por un dispositivo autom\u00e1tico, en los casos previstos por el art. 20 del Reglamento. En cualquier momento, usted tiene la posibilidad de revocar el consentimiento prestado, de conformidad con el art. 7 del Reglamento; presentar una reclamaci\u00f3n ante la autoridad de control competente de conformidad con el art\u00edculo 77 del Reglamento (Garante de la Protecci\u00f3n de Datos Personales), si cree que el tratamiento de sus datos es contrario a la legislaci\u00f3n vigente. Usted tiene la posibilidad de formular una solicitud de oposici\u00f3n al tratamiento de sus datos, de conformidad con el art\u00edculo 21 del Reglamento, en la que deber\u00e1 destacar los motivos que justifican la oposici\u00f3n: el Responsable del tratamiento se reserva el derecho de evaluar la solicitud, que no ser\u00e1 aceptada. en caso de existencia de motivos leg\u00edtimos imperiosos para proceder al tratamiento que prevalezcan sobre sus intereses, derechos y libertades.<\/p><p>Las solicitudes se dirigen por escrito al Responsable del tratamiento a la direcci\u00f3n: privacy@wetechnology.ai<\/p>\t\t\t\t\t\t\t\t<\/div>\n\t\t\t\t<\/div>\n\t\t\t\t\t<\/div>\n\t\t\t\t<\/div>\n\t\t\t\t<\/div>\n\t\t","protected":false},"excerpt":{"rendered":"<p>Informaci\u00f3n y consentimiento para el tratamiento de datos personales de conformidad con el art. 14 del Reglamento UE 2016\/679 (Reglamento) Versi\u00f3n de mayo de 2024 1. Responsable del tratamiento y delegado de protecci\u00f3n de datosEl responsable del tratamiento de los datos personales es WeTechnology S.r.l., en la persona del representante legal, con sede operativa ubicada [&hellip;]<\/p>\n","protected":false},"author":2,"featured_media":0,"parent":0,"menu_order":0,"comment_status":"closed","ping_status":"closed","template":"elementor_canvas","meta":{"footnotes":""},"class_list":["post-1588","page","type-page","status-publish","hentry"],"_links":{"self":[{"href":"https:\/\/www.wetechnology.ai\/es\/wp-json\/wp\/v2\/pages\/1588","targetHints":{"allow":["GET"]}}],"collection":[{"href":"https:\/\/www.wetechnology.ai\/es\/wp-json\/wp\/v2\/pages"}],"about":[{"href":"https:\/\/www.wetechnology.ai\/es\/wp-json\/wp\/v2\/types\/page"}],"author":[{"embeddable":true,"href":"https:\/\/www.wetechnology.ai\/es\/wp-json\/wp\/v2\/users\/2"}],"replies":[{"embeddable":true,"href":"https:\/\/www.wetechnology.ai\/es\/wp-json\/wp\/v2\/comments?post=1588"}],"version-history":[{"count":13,"href":"https:\/\/www.wetechnology.ai\/es\/wp-json\/wp\/v2\/pages\/1588\/revisions"}],"predecessor-version":[{"id":2001,"href":"https:\/\/www.wetechnology.ai\/es\/wp-json\/wp\/v2\/pages\/1588\/revisions\/2001"}],"wp:attachment":[{"href":"https:\/\/www.wetechnology.ai\/es\/wp-json\/wp\/v2\/media?parent=1588"}],"curies":[{"name":"wp","href":"https:\/\/api.w.org\/{rel}","templated":true}]}}