{"id":1571,"date":"2024-10-30T16:21:11","date_gmt":"2024-10-30T14:21:11","guid":{"rendered":"https:\/\/www.site.wetechnology.ai\/?page_id=1571"},"modified":"2025-04-16T12:06:07","modified_gmt":"2025-04-16T10:06:07","slug":"informativa-cookie-esp","status":"publish","type":"page","link":"https:\/\/www.wetechnology.ai\/es\/informativa-cookie-esp\/","title":{"rendered":"Informativa cookie esp"},"content":{"rendered":"\t\t<div data-elementor-type=\"wp-page\" data-elementor-id=\"1571\" class=\"elementor elementor-1571 elementor-1320\" data-elementor-post-type=\"page\">\n\t\t\t\t<div class=\"elementor-element elementor-element-669c51b e-flex e-con-boxed e-con e-parent\" data-id=\"669c51b\" data-element_type=\"container\">\n\t\t\t\t\t<div class=\"e-con-inner\">\n\t\t\t\t<div class=\"elementor-element elementor-element-1cf524f elementor-widget elementor-widget-spacer\" data-id=\"1cf524f\" data-element_type=\"widget\" data-widget_type=\"spacer.default\">\n\t\t\t\t<div class=\"elementor-widget-container\">\n\t\t\t\t\t\t\t<div class=\"elementor-spacer\">\n\t\t\t<div class=\"elementor-spacer-inner\"><\/div>\n\t\t<\/div>\n\t\t\t\t\t\t<\/div>\n\t\t\t\t<\/div>\n\t\t\t\t<div class=\"elementor-element elementor-element-749cd02 elementor-widget elementor-widget-image\" data-id=\"749cd02\" data-element_type=\"widget\" data-widget_type=\"image.default\">\n\t\t\t\t<div class=\"elementor-widget-container\">\n\t\t\t\t\t\t\t\t\t\t\t\t\t\t\t<img fetchpriority=\"high\" decoding=\"async\" width=\"226\" height=\"226\" src=\"https:\/\/www.wetechnology.ai\/wp-content\/uploads\/2024\/10\/logo-Wetechnology.svg\" class=\"attachment-large size-large wp-image-388\" alt=\"Logo WeTechnology.ai\" \/>\t\t\t\t\t\t\t\t\t\t\t\t\t\t\t<\/div>\n\t\t\t\t<\/div>\n\t\t\t\t<div class=\"elementor-element elementor-element-c9e833b elementor-widget elementor-widget-spacer\" data-id=\"c9e833b\" data-element_type=\"widget\" data-widget_type=\"spacer.default\">\n\t\t\t\t<div class=\"elementor-widget-container\">\n\t\t\t\t\t\t\t<div class=\"elementor-spacer\">\n\t\t\t<div class=\"elementor-spacer-inner\"><\/div>\n\t\t<\/div>\n\t\t\t\t\t\t<\/div>\n\t\t\t\t<\/div>\n\t\t\t\t<div class=\"elementor-element elementor-element-5a21369 elementor-widget elementor-widget-heading\" data-id=\"5a21369\" data-element_type=\"widget\" data-widget_type=\"heading.default\">\n\t\t\t\t<div class=\"elementor-widget-container\">\n\t\t\t\t\t<h2 class=\"elementor-heading-title elementor-size-default\">Pol\u00edtica de Cookies Versi\u00f3n Julio 2020<\/h2>\t\t\t\t<\/div>\n\t\t\t\t<\/div>\n\t\t\t\t<div class=\"elementor-element elementor-element-d12c34d elementor-widget elementor-widget-text-editor\" data-id=\"d12c34d\" data-element_type=\"widget\" data-widget_type=\"text-editor.default\">\n\t\t\t\t<div class=\"elementor-widget-container\">\n\t\t\t\t\t\t\t\t\t<p>Deseamos informarte que procederemos al tratamiento de tus datos personales de acuerdo con lo dispuesto en el Reglamento de la UE 679\/2016 (Reglamento) y en cualquier normativa local aplicable en materia de protecci\u00f3n de datos personales. A continuaci\u00f3n, encontrar\u00e1s toda la informaci\u00f3n relativa a los procedimientos seguidos para la recopilaci\u00f3n de informaci\u00f3n, a trav\u00e9s de cookies y\/o otras tecnolog\u00edas de seguimiento, al visitar nuestro sitio (en adelante tambi\u00e9n denominado el \u00abSitio\u00bb).<\/p><p><b>\u00bfQu\u00e9 son las cookies?<\/b><\/p><p>Las cookies son peque\u00f1os archivos de texto que los sitios web que visitas env\u00edan y registran en tu dispositivo (ordenador personal, tablet, smartphone, etc.), para luego ser retransmitidos a los mismos sitios en tu pr\u00f3xima visita. Gracias a las cookies, un sitio web recuerda tus acciones y preferencias (como los datos de inicio de sesi\u00f3n, el idioma elegido, el tama\u00f1o de la letra, otras configuraciones de visualizaci\u00f3n, etc.) para que no tengas que volver a indicarlas cada vez que regreses al sitio o navegues de una p\u00e1gina a otra. Las cookies se usan para realizar autenticaciones inform\u00e1ticas, seguimiento de sesiones y almacenamiento de informaci\u00f3n sobre las actividades de los usuarios que acceden a un sitio y pueden contener tambi\u00e9n un c\u00f3digo de identificaci\u00f3n \u00fanico que permite rastrear la navegaci\u00f3n del usuario dentro del sitio con fines estad\u00edsticos o publicitarios. Durante la navegaci\u00f3n en un sitio, el usuario puede recibir en su computadora cookies de otros sitios o de servidores web distintos al que est\u00e1 visitando (denominadas cookies de \u00abterceros\u00bb). Algunas operaciones no podr\u00edan realizarse sin el uso de cookies, que en algunos casos son t\u00e9cnicamente necesarias para el funcionamiento del sitio.<\/p><p>Deseamos aclarar que las cookies permiten identificar y reconocer el dispositivo que accede al Sitio, pero no a la persona que lo est\u00e1 utilizando.<\/p><p><strong>2 &#8211; Tipos y fines de las cookies, \u00bfcu\u00e1les son?<\/strong><\/p><p>Existen varios tipos de cookies, seg\u00fan sus caracter\u00edsticas y funciones, y pueden permanecer en los dispositivos de los usuarios durante diferentes periodos: a) cookies de sesi\u00f3n, eliminadas autom\u00e1ticamente al cerrar el navegador; b) cookies persistentes, que permanecen en tu dispositivo hasta una fecha de vencimiento preestablecida. Seg\u00fan la normativa vigente en Italia, no siempre se requiere el consentimiento expreso del usuario para el uso de cookies. En particular, no requieren dicho consentimiento las \u00abcookies t\u00e9cnicas\u00bb, es decir, aquellas utilizadas exclusivamente para realizar la transmisi\u00f3n de una comunicaci\u00f3n en una red de comunicaci\u00f3n electr\u00f3nica, o en la medida estrictamente necesaria para proporcionar un servicio expl\u00edcitamente solicitado por el usuario. En otras palabras, se trata de cookies indispensables para el funcionamiento del sitio o necesarias para realizar actividades solicitadas por el usuario. Adem\u00e1s, el Sitio podr\u00eda utilizar las siguientes cookies: \u25cf cookies de navegaci\u00f3n o de sesi\u00f3n (para autenticaci\u00f3n); \u25cf cookies de funcionalidad, que permiten la navegaci\u00f3n del usuario en funci\u00f3n de una serie de criterios seleccionados (por ejemplo, el idioma, los productos seleccionados para la compra) con el fin de mejorar el servicio prestado; \u25cf cookies anal\u00edticas, solo cuando son utilizadas directamente por el operador del sitio para recopilar informaci\u00f3n de forma agregada sobre el n\u00famero de usuarios y c\u00f3mo visitan el sitio. Para las cookies de perfilado, por el contrario, es decir, aquellas dise\u00f1adas para crear perfiles relativos al usuario y utilizadas para enviar mensajes publicitarios acordes con las preferencias expresadas por el mismo en el contexto de la navegaci\u00f3n en la red, se requiere el consentimiento previo del usuario.<\/p><p><strong>3 &#8211; Tipos de cookies utilizadas por nuestro Sitio<\/strong><\/p><p>Hemos clasificado las cookies que utilizamos en funci\u00f3n de su tipo de uso en: <strong>3.1 Cookies t\u00e9cnicas<\/strong> El Sitio utiliza cookies de primera parte, de sesi\u00f3n y persistentes para permitir una navegaci\u00f3n segura y eficiente y el uso de las funcionalidades del Sitio, as\u00ed como para mejorar los servicios prestados por el propio Sitio.<\/p><p>Se trata de cookies que, por ejemplo, permiten el reconocimiento del idioma seleccionado y el pa\u00eds desde el que te conectas al Sitio. Estas cookies, al reconocerte en el acceso, evitan que tengas que introducir tus datos cada vez. Finalmente, las cookies de funcionalidad son fundamentales para mejorar tu experiencia de navegaci\u00f3n. Estas cookies son necesarias para el funcionamiento de nuestro Sitio y no se pueden desactivar sin comprometer las funcionalidades del propio Sitio. Las cookies de \u201cterceros\u201d est\u00e1n vinculadas a servicios proporcionados por terceros: se utilizan para diferentes fines, como el an\u00e1lisis del rendimiento de las campa\u00f1as de marketing y\/o para proporcionar publicidad personalizada en nuestro sitio y en sitios web asociados. Esta actividad se denomina retargeting y se basa en las actividades de navegaci\u00f3n. El tercero proporciona estos servicios a cambio de informaci\u00f3n sobre la visita del usuario a nuestro sitio. Por estas razones, los proveedores de cookies de terceros tambi\u00e9n deben cumplir con las disposiciones de la normativa correspondiente. Te remitimos a los enlaces de las p\u00e1ginas web de los sitios de terceros, donde podr\u00e1s encontrar los formularios de recolecci\u00f3n de consentimiento para cookies y sus respectivas pol\u00edticas de privacidad.<\/p><p>Actualmente, utilizamos en nuestro Sitio cookies propias (primera parte) y de terceros.<\/p><p><strong>3.1.1 Cookies de navegaci\u00f3n o de sesi\u00f3n<\/strong><\/p>\t\t\t\t\t\t\t\t<\/div>\n\t\t\t\t<\/div>\n\t\t<div class=\"elementor-element elementor-element-e817ae2 e-grid e-con-full e-con e-child\" data-id=\"e817ae2\" data-element_type=\"container\">\n\t\t\t\t<div class=\"elementor-element elementor-element-5d8c1ed elementor-widget elementor-widget-text-editor\" data-id=\"5d8c1ed\" data-element_type=\"widget\" data-widget_type=\"text-editor.default\">\n\t\t\t\t<div class=\"elementor-widget-container\">\n\t\t\t\t\t\t\t\t\t<p><strong>Cookie<\/strong><\/p>\t\t\t\t\t\t\t\t<\/div>\n\t\t\t\t<\/div>\n\t\t\t\t<div class=\"elementor-element elementor-element-c65ba0e elementor-widget elementor-widget-text-editor\" data-id=\"c65ba0e\" data-element_type=\"widget\" data-widget_type=\"text-editor.default\">\n\t\t\t\t<div class=\"elementor-widget-container\">\n\t\t\t\t\t\t\t\t\t<p><strong>Dominio<\/strong><\/p>\t\t\t\t\t\t\t\t<\/div>\n\t\t\t\t<\/div>\n\t\t\t\t<div class=\"elementor-element elementor-element-e821e0e elementor-widget elementor-widget-text-editor\" data-id=\"e821e0e\" data-element_type=\"widget\" data-widget_type=\"text-editor.default\">\n\t\t\t\t<div class=\"elementor-widget-container\">\n\t\t\t\t\t\t\t\t\t<p>Descripci\u00f3n<\/p>\t\t\t\t\t\t\t\t<\/div>\n\t\t\t\t<\/div>\n\t\t\t\t<div class=\"elementor-element elementor-element-a95ff30 elementor-widget elementor-widget-text-editor\" data-id=\"a95ff30\" data-element_type=\"widget\" data-widget_type=\"text-editor.default\">\n\t\t\t\t<div class=\"elementor-widget-container\">\n\t\t\t\t\t\t\t\t\t<p><b>Duraci\u00f3n<\/b><\/p>\t\t\t\t\t\t\t\t<\/div>\n\t\t\t\t<\/div>\n\t\t\t\t<div class=\"elementor-element elementor-element-d11da52 elementor-widget elementor-widget-text-editor\" data-id=\"d11da52\" data-element_type=\"widget\" data-widget_type=\"text-editor.default\">\n\t\t\t\t<div class=\"elementor-widget-container\">\n\t\t\t\t\t\t\t\t\t<p>moove_gdpr_popup<\/p>\t\t\t\t\t\t\t\t<\/div>\n\t\t\t\t<\/div>\n\t\t\t\t<div class=\"elementor-element elementor-element-62e6223 elementor-widget elementor-widget-text-editor\" data-id=\"62e6223\" data-element_type=\"widget\" data-widget_type=\"text-editor.default\">\n\t\t\t\t<div class=\"elementor-widget-container\">\n\t\t\t\t\t\t\t\t\t<p>www.wetechnology.ai<\/p>\t\t\t\t\t\t\t\t<\/div>\n\t\t\t\t<\/div>\n\t\t\t\t<div class=\"elementor-element elementor-element-daa638d elementor-widget elementor-widget-text-editor\" data-id=\"daa638d\" data-element_type=\"widget\" data-widget_type=\"text-editor.default\">\n\t\t\t\t<div class=\"elementor-widget-container\">\n\t\t\t\t\t\t\t\t\t<p>Consent plugin<\/p>\t\t\t\t\t\t\t\t<\/div>\n\t\t\t\t<\/div>\n\t\t\t\t<div class=\"elementor-element elementor-element-7488539 elementor-widget elementor-widget-text-editor\" data-id=\"7488539\" data-element_type=\"widget\" data-widget_type=\"text-editor.default\">\n\t\t\t\t<div class=\"elementor-widget-container\">\n\t\t\t\t\t\t\t\t\t<p>1 a\u00f1o<\/p>\t\t\t\t\t\t\t\t<\/div>\n\t\t\t\t<\/div>\n\t\t\t\t<div class=\"elementor-element elementor-element-3083153 elementor-widget elementor-widget-text-editor\" data-id=\"3083153\" data-element_type=\"widget\" data-widget_type=\"text-editor.default\">\n\t\t\t\t<div class=\"elementor-widget-container\">\n\t\t\t\t\t\t\t\t\t<p>wp-wpml_current_language<\/p>\t\t\t\t\t\t\t\t<\/div>\n\t\t\t\t<\/div>\n\t\t\t\t<div class=\"elementor-element elementor-element-e03dd14 elementor-widget elementor-widget-text-editor\" data-id=\"e03dd14\" data-element_type=\"widget\" data-widget_type=\"text-editor.default\">\n\t\t\t\t<div class=\"elementor-widget-container\">\n\t\t\t\t\t\t\t\t\t<p>www.wetechnology.ai<\/p>\t\t\t\t\t\t\t\t<\/div>\n\t\t\t\t<\/div>\n\t\t\t\t<div class=\"elementor-element elementor-element-cc7bce3 elementor-widget elementor-widget-text-editor\" data-id=\"cc7bce3\" data-element_type=\"widget\" data-widget_type=\"text-editor.default\">\n\t\t\t\t<div class=\"elementor-widget-container\">\n\t\t\t\t\t\t\t\t\t<p>WPML Multilanguage<\/p>\t\t\t\t\t\t\t\t<\/div>\n\t\t\t\t<\/div>\n\t\t\t\t<div class=\"elementor-element elementor-element-a7f57f1 elementor-widget elementor-widget-text-editor\" data-id=\"a7f57f1\" data-element_type=\"widget\" data-widget_type=\"text-editor.default\">\n\t\t\t\t<div class=\"elementor-widget-container\">\n\t\t\t\t\t\t\t\t\t<p>sesi\u00f3n<\/p>\t\t\t\t\t\t\t\t<\/div>\n\t\t\t\t<\/div>\n\t\t\t\t<\/div>\n\t\t\t\t\t<\/div>\n\t\t\t\t<\/div>\n\t\t<div class=\"elementor-element elementor-element-3ce0a8b e-flex e-con-boxed e-con e-parent\" data-id=\"3ce0a8b\" data-element_type=\"container\">\n\t\t\t\t\t<div class=\"e-con-inner\">\n\t\t\t\t<div class=\"elementor-element elementor-element-7625357 elementor-widget elementor-widget-heading\" data-id=\"7625357\" data-element_type=\"widget\" data-widget_type=\"heading.default\">\n\t\t\t\t<div class=\"elementor-widget-container\">\n\t\t\t\t\t<h6 class=\"elementor-heading-title elementor-size-default\">3.1.2 Cookie di funzionalit\u00e0, analitici<\/h6>\t\t\t\t<\/div>\n\t\t\t\t<\/div>\n\t\t<div class=\"elementor-element elementor-element-badb5e6 e-grid e-con-full e-con e-child\" data-id=\"badb5e6\" data-element_type=\"container\">\n\t\t\t\t<div class=\"elementor-element elementor-element-e9b1469 elementor-widget elementor-widget-text-editor\" data-id=\"e9b1469\" data-element_type=\"widget\" data-widget_type=\"text-editor.default\">\n\t\t\t\t<div class=\"elementor-widget-container\">\n\t\t\t\t\t\t\t\t\t<p><strong>Cookie<\/strong><\/p>\t\t\t\t\t\t\t\t<\/div>\n\t\t\t\t<\/div>\n\t\t\t\t<div class=\"elementor-element elementor-element-d6d3690 elementor-widget elementor-widget-text-editor\" data-id=\"d6d3690\" data-element_type=\"widget\" data-widget_type=\"text-editor.default\">\n\t\t\t\t<div class=\"elementor-widget-container\">\n\t\t\t\t\t\t\t\t\t<p><strong>Dominio<\/strong><\/p>\t\t\t\t\t\t\t\t<\/div>\n\t\t\t\t<\/div>\n\t\t\t\t<div class=\"elementor-element elementor-element-fb7cf58 elementor-widget elementor-widget-text-editor\" data-id=\"fb7cf58\" data-element_type=\"widget\" data-widget_type=\"text-editor.default\">\n\t\t\t\t<div class=\"elementor-widget-container\">\n\t\t\t\t\t\t\t\t\t<p>Descripci\u00f3n<\/p>\t\t\t\t\t\t\t\t<\/div>\n\t\t\t\t<\/div>\n\t\t\t\t<div class=\"elementor-element elementor-element-f8e493a elementor-widget elementor-widget-text-editor\" data-id=\"f8e493a\" data-element_type=\"widget\" data-widget_type=\"text-editor.default\">\n\t\t\t\t<div class=\"elementor-widget-container\">\n\t\t\t\t\t\t\t\t\t<p>Duraci\u00f3n<\/p>\t\t\t\t\t\t\t\t<\/div>\n\t\t\t\t<\/div>\n\t\t\t\t<div class=\"elementor-element elementor-element-eed35dd elementor-widget elementor-widget-text-editor\" data-id=\"eed35dd\" data-element_type=\"widget\" data-widget_type=\"text-editor.default\">\n\t\t\t\t<div class=\"elementor-widget-container\">\n\t\t\t\t\t\t\t\t\t<p>_ga<\/p>\t\t\t\t\t\t\t\t<\/div>\n\t\t\t\t<\/div>\n\t\t\t\t<div class=\"elementor-element elementor-element-8c08993 elementor-widget elementor-widget-text-editor\" data-id=\"8c08993\" data-element_type=\"widget\" data-widget_type=\"text-editor.default\">\n\t\t\t\t<div class=\"elementor-widget-container\">\n\t\t\t\t\t\t\t\t\t<p>www.wetechnology.ai<\/p>\t\t\t\t\t\t\t\t<\/div>\n\t\t\t\t<\/div>\n\t\t\t\t<div class=\"elementor-element elementor-element-149ca8e elementor-widget elementor-widget-text-editor\" data-id=\"149ca8e\" data-element_type=\"widget\" data-widget_type=\"text-editor.default\">\n\t\t\t\t<div class=\"elementor-widget-container\">\n\t\t\t\t\t\t\t\t\t<p>Google analytics<\/p>\t\t\t\t\t\t\t\t<\/div>\n\t\t\t\t<\/div>\n\t\t\t\t<div class=\"elementor-element elementor-element-b4cf0c5 elementor-widget elementor-widget-text-editor\" data-id=\"b4cf0c5\" data-element_type=\"widget\" data-widget_type=\"text-editor.default\">\n\t\t\t\t<div class=\"elementor-widget-container\">\n\t\t\t\t\t\t\t\t\t<p>2 a\u00f1os<\/p>\t\t\t\t\t\t\t\t<\/div>\n\t\t\t\t<\/div>\n\t\t\t\t<div class=\"elementor-element elementor-element-41704f2 elementor-widget elementor-widget-text-editor\" data-id=\"41704f2\" data-element_type=\"widget\" data-widget_type=\"text-editor.default\">\n\t\t\t\t<div class=\"elementor-widget-container\">\n\t\t\t\t\t\t\t\t\t<p>ga_V7V9FL2C45\u00a0<\/p>\t\t\t\t\t\t\t\t<\/div>\n\t\t\t\t<\/div>\n\t\t\t\t<div class=\"elementor-element elementor-element-a703ec7 elementor-widget elementor-widget-text-editor\" data-id=\"a703ec7\" data-element_type=\"widget\" data-widget_type=\"text-editor.default\">\n\t\t\t\t<div class=\"elementor-widget-container\">\n\t\t\t\t\t\t\t\t\t<p>www.wetechnology.ai<\/p>\t\t\t\t\t\t\t\t<\/div>\n\t\t\t\t<\/div>\n\t\t\t\t<div class=\"elementor-element elementor-element-4fdaa95 elementor-widget elementor-widget-text-editor\" data-id=\"4fdaa95\" data-element_type=\"widget\" data-widget_type=\"text-editor.default\">\n\t\t\t\t<div class=\"elementor-widget-container\">\n\t\t\t\t\t\t\t\t\t<p>Google Tags<\/p>\t\t\t\t\t\t\t\t<\/div>\n\t\t\t\t<\/div>\n\t\t\t\t<div class=\"elementor-element elementor-element-2a10f38 elementor-widget elementor-widget-text-editor\" data-id=\"2a10f38\" data-element_type=\"widget\" data-widget_type=\"text-editor.default\">\n\t\t\t\t<div class=\"elementor-widget-container\">\n\t\t\t\t\t\t\t\t\t<p>2 a\u00f1os<\/p>\t\t\t\t\t\t\t\t<\/div>\n\t\t\t\t<\/div>\n\t\t\t\t<\/div>\n\t\t\t\t\t<\/div>\n\t\t\t\t<\/div>\n\t\t<div class=\"elementor-element elementor-element-b397ea7 e-flex e-con-boxed e-con e-parent\" data-id=\"b397ea7\" data-element_type=\"container\">\n\t\t\t\t\t<div class=\"e-con-inner\">\n\t\t\t\t<div class=\"elementor-element elementor-element-09249ff elementor-widget elementor-widget-text-editor\" data-id=\"09249ff\" data-element_type=\"widget\" data-widget_type=\"text-editor.default\">\n\t\t\t\t<div class=\"elementor-widget-container\">\n\t\t\t\t\t\t\t\t\t<p><b>4.1 M\u00e9todo de aceptaci\u00f3n<\/b><\/p>\n<p>Como se indica en la breve informaci\u00f3n proporcionada en el banner, usted puede dar su consentimiento para el uso de cookies de forma simplificada: \u2022 Haciendo clic en el bot\u00f3n correspondiente (\u201cOk\u201d \/ \u201cAcepto\u201d \/ \u201cAcepto\u201d).<\/p>\n<p><b>4.2 Revocaci\u00f3n o liberaci\u00f3n del consentimiento<br><\/b>Usted tiene la posibilidad de elegir en cualquier momento si acepta o rechaza el uso de cookies: i. cambiando la configuraci\u00f3n de su navegador, eligiendo para qu\u00e9 cookies revocar el consentimiento. Para acceder a la configuraci\u00f3n del navegador, le invitamos a consultar los procedimientos que se indican a continuaci\u00f3n: &#8211; Chrome &#8211; Internet Explorer &#8211; Firefox &#8211; Safari &#8211; Opera Le informamos que la desactivaci\u00f3n total de las cookies del navegador podr\u00eda comprometer el correcto funcionamiento de algunas secciones de nuestro Sitio, como la navegaci\u00f3n normal entre p\u00e1ginas web, la p\u00e9rdida de las funciones de personalizaci\u00f3n de los mensajes publicitarios presentados durante la navegaci\u00f3n; ii. revocando el consentimiento a trav\u00e9s del procedimiento espec\u00edfico de \u00abexclusi\u00f3n voluntaria\u00bb puesto a disposici\u00f3n por el tercero (cuando corresponda). 5 \u2013 Contactos del Responsable del tratamiento:<\/p>\n<p>WeTechnology S.r.l.<br>con domicilio social en Italia, Via Agostino da Montefeltro, 2 \u2013 10134 \u2013 Tur\u00edn N\u00famero de IVA 11291250014<\/p>\n<p>privacidad@wetaxi.it<\/p>\n<p>Delegado de Protecci\u00f3n de Datos (\u201cDPO\u201d): dpo@wetechnology.ai<\/p>\t\t\t\t\t\t\t\t<\/div>\n\t\t\t\t<\/div>\n\t\t\t\t\t<\/div>\n\t\t\t\t<\/div>\n\t\t\t\t<\/div>\n\t\t","protected":false},"excerpt":{"rendered":"<p>Pol\u00edtica de Cookies Versi\u00f3n Julio 2020 Deseamos informarte que procederemos al tratamiento de tus datos personales de acuerdo con lo dispuesto en el Reglamento de la UE 679\/2016 (Reglamento) y en cualquier normativa local aplicable en materia de protecci\u00f3n de datos personales. A continuaci\u00f3n, encontrar\u00e1s toda la informaci\u00f3n relativa a los procedimientos seguidos para la [&hellip;]<\/p>\n","protected":false},"author":2,"featured_media":0,"parent":0,"menu_order":0,"comment_status":"closed","ping_status":"closed","template":"elementor_canvas","meta":{"footnotes":""},"class_list":["post-1571","page","type-page","status-publish","hentry"],"_links":{"self":[{"href":"https:\/\/www.wetechnology.ai\/es\/wp-json\/wp\/v2\/pages\/1571","targetHints":{"allow":["GET"]}}],"collection":[{"href":"https:\/\/www.wetechnology.ai\/es\/wp-json\/wp\/v2\/pages"}],"about":[{"href":"https:\/\/www.wetechnology.ai\/es\/wp-json\/wp\/v2\/types\/page"}],"author":[{"embeddable":true,"href":"https:\/\/www.wetechnology.ai\/es\/wp-json\/wp\/v2\/users\/2"}],"replies":[{"embeddable":true,"href":"https:\/\/www.wetechnology.ai\/es\/wp-json\/wp\/v2\/comments?post=1571"}],"version-history":[{"count":24,"href":"https:\/\/www.wetechnology.ai\/es\/wp-json\/wp\/v2\/pages\/1571\/revisions"}],"predecessor-version":[{"id":2004,"href":"https:\/\/www.wetechnology.ai\/es\/wp-json\/wp\/v2\/pages\/1571\/revisions\/2004"}],"wp:attachment":[{"href":"https:\/\/www.wetechnology.ai\/es\/wp-json\/wp\/v2\/media?parent=1571"}],"curies":[{"name":"wp","href":"https:\/\/api.w.org\/{rel}","templated":true}]}}